{"id":941,"date":"2022-05-11T12:58:22","date_gmt":"2022-05-11T12:58:22","guid":{"rendered":"https:\/\/spiideo.com\/?page_id=941"},"modified":"2022-07-13T10:15:10","modified_gmt":"2022-07-13T10:15:10","slug":"inhaber-der-medienrechte","status":"publish","type":"page","link":"https:\/\/www.spiideo.com\/de\/inhaber-der-medienrechte\/","title":{"rendered":"Inhaber der Medienrechte"},"content":{"rendered":"","protected":false},"excerpt":{"rendered":"","protected":false},"author":1,"featured_media":0,"parent":0,"menu_order":0,"comment_status":"closed","ping_status":"closed","template":"","meta":{"_relevanssi_hide_post":"","_relevanssi_pin_for_all":"","_relevanssi_pin_keywords":"","_relevanssi_unpin_keywords":"","_relevanssi_related_keywords":"","_relevanssi_related_include_ids":"","_relevanssi_related_exclude_ids":"","_relevanssi_related_no_append":"","_relevanssi_related_not_related":"","_relevanssi_related_posts":"","_relevanssi_noindex_reason":"","footnotes":""},"class_list":["post-941","page","type-page","status-publish","hentry"],"acf":[],"yoast_head":"<!-- This site is optimized with the Yoast SEO plugin v26.9 - https:\/\/yoast.com\/product\/yoast-seo-wordpress\/ -->\n<title>Inhaber der Medienrechte - Spiideo [DE]<\/title>\n<meta name=\"description\" content=\"Cloud-gest\u00fctzte Massenproduktion f\u00fcr Medienrechteinhaber - die Zukunft der Sport\u00fcbertragung in gro\u00dfem Ma\u00dfstab auf allen Ebenen des Sports\" \/>\n<meta name=\"robots\" content=\"index, follow, max-snippet:-1, max-image-preview:large, max-video-preview:-1\" \/>\n<link rel=\"canonical\" href=\"https:\/\/www.spiideo.com\/de\/inhaber-der-medienrechte\/\" \/>\n<meta property=\"og:locale\" content=\"de_DE\" \/>\n<meta property=\"og:type\" content=\"article\" \/>\n<meta property=\"og:title\" content=\"Inhaber der Medienrechte - Spiideo [DE]\" \/>\n<meta property=\"og:description\" content=\"Cloud-gest\u00fctzte Massenproduktion f\u00fcr Medienrechteinhaber - die Zukunft der Sport\u00fcbertragung in gro\u00dfem Ma\u00dfstab auf allen Ebenen des Sports\" \/>\n<meta property=\"og:url\" content=\"https:\/\/www.spiideo.com\/de\/inhaber-der-medienrechte\/\" \/>\n<meta property=\"og:site_name\" content=\"Spiideo [DE]\" \/>\n<meta property=\"article:modified_time\" content=\"2022-07-13T10:15:10+00:00\" \/>\n<meta name=\"twitter:card\" content=\"summary_large_image\" \/>\n<script type=\"application\/ld+json\" class=\"yoast-schema-graph\">{\"@context\":\"https:\/\/schema.org\",\"@graph\":[{\"@type\":\"WebPage\",\"@id\":\"https:\/\/www.spiideo.com\/de\/inhaber-der-medienrechte\/\",\"url\":\"https:\/\/www.spiideo.com\/de\/inhaber-der-medienrechte\/\",\"name\":\"Inhaber der Medienrechte - Spiideo [DE]\",\"isPartOf\":{\"@id\":\"https:\/\/www.spiideo.com\/de\/#website\"},\"datePublished\":\"2022-05-11T12:58:22+00:00\",\"dateModified\":\"2022-07-13T10:15:10+00:00\",\"description\":\"Cloud-gest\u00fctzte Massenproduktion f\u00fcr Medienrechteinhaber - die Zukunft der Sport\u00fcbertragung in gro\u00dfem Ma\u00dfstab auf allen Ebenen des Sports\",\"breadcrumb\":{\"@id\":\"https:\/\/www.spiideo.com\/de\/inhaber-der-medienrechte\/#breadcrumb\"},\"inLanguage\":\"de\",\"potentialAction\":[{\"@type\":\"ReadAction\",\"target\":[\"https:\/\/www.spiideo.com\/de\/inhaber-der-medienrechte\/\"]}]},{\"@type\":\"BreadcrumbList\",\"@id\":\"https:\/\/www.spiideo.com\/de\/inhaber-der-medienrechte\/#breadcrumb\",\"itemListElement\":[{\"@type\":\"ListItem\",\"position\":1,\"name\":\"Home\",\"item\":\"https:\/\/www.spiideo.com\/de\/\"},{\"@type\":\"ListItem\",\"position\":2,\"name\":\"Inhaber der Medienrechte\"}]},{\"@type\":\"WebSite\",\"@id\":\"https:\/\/www.spiideo.com\/de\/#website\",\"url\":\"https:\/\/www.spiideo.com\/de\/\",\"name\":\"Spiideo [DE]\",\"description\":\"Just another WordPress site\",\"potentialAction\":[{\"@type\":\"SearchAction\",\"target\":{\"@type\":\"EntryPoint\",\"urlTemplate\":\"https:\/\/www.spiideo.com\/de\/?s={search_term_string}\"},\"query-input\":{\"@type\":\"PropertyValueSpecification\",\"valueRequired\":true,\"valueName\":\"search_term_string\"}}],\"inLanguage\":\"de\"}]}<\/script>\n<!-- \/ Yoast SEO plugin. -->","yoast_head_json":{"title":"Inhaber der Medienrechte - Spiideo [DE]","description":"Cloud-gest\u00fctzte Massenproduktion f\u00fcr Medienrechteinhaber - die Zukunft der Sport\u00fcbertragung in gro\u00dfem Ma\u00dfstab auf allen Ebenen des Sports","robots":{"index":"index","follow":"follow","max-snippet":"max-snippet:-1","max-image-preview":"max-image-preview:large","max-video-preview":"max-video-preview:-1"},"canonical":"https:\/\/www.spiideo.com\/de\/inhaber-der-medienrechte\/","og_locale":"de_DE","og_type":"article","og_title":"Inhaber der Medienrechte - Spiideo [DE]","og_description":"Cloud-gest\u00fctzte Massenproduktion f\u00fcr Medienrechteinhaber - die Zukunft der Sport\u00fcbertragung in gro\u00dfem Ma\u00dfstab auf allen Ebenen des Sports","og_url":"https:\/\/www.spiideo.com\/de\/inhaber-der-medienrechte\/","og_site_name":"Spiideo [DE]","article_modified_time":"2022-07-13T10:15:10+00:00","twitter_card":"summary_large_image","schema":{"@context":"https:\/\/schema.org","@graph":[{"@type":"WebPage","@id":"https:\/\/www.spiideo.com\/de\/inhaber-der-medienrechte\/","url":"https:\/\/www.spiideo.com\/de\/inhaber-der-medienrechte\/","name":"Inhaber der Medienrechte - Spiideo [DE]","isPartOf":{"@id":"https:\/\/www.spiideo.com\/de\/#website"},"datePublished":"2022-05-11T12:58:22+00:00","dateModified":"2022-07-13T10:15:10+00:00","description":"Cloud-gest\u00fctzte Massenproduktion f\u00fcr Medienrechteinhaber - die Zukunft der Sport\u00fcbertragung in gro\u00dfem Ma\u00dfstab auf allen Ebenen des Sports","breadcrumb":{"@id":"https:\/\/www.spiideo.com\/de\/inhaber-der-medienrechte\/#breadcrumb"},"inLanguage":"de","potentialAction":[{"@type":"ReadAction","target":["https:\/\/www.spiideo.com\/de\/inhaber-der-medienrechte\/"]}]},{"@type":"BreadcrumbList","@id":"https:\/\/www.spiideo.com\/de\/inhaber-der-medienrechte\/#breadcrumb","itemListElement":[{"@type":"ListItem","position":1,"name":"Home","item":"https:\/\/www.spiideo.com\/de\/"},{"@type":"ListItem","position":2,"name":"Inhaber der Medienrechte"}]},{"@type":"WebSite","@id":"https:\/\/www.spiideo.com\/de\/#website","url":"https:\/\/www.spiideo.com\/de\/","name":"Spiideo [DE]","description":"Just another WordPress site","potentialAction":[{"@type":"SearchAction","target":{"@type":"EntryPoint","urlTemplate":"https:\/\/www.spiideo.com\/de\/?s={search_term_string}"},"query-input":{"@type":"PropertyValueSpecification","valueRequired":true,"valueName":"search_term_string"}}],"inLanguage":"de"}]}},"_links":{"self":[{"href":"https:\/\/www.spiideo.com\/de\/wp-json\/wp\/v2\/pages\/941","targetHints":{"allow":["GET"]}}],"collection":[{"href":"https:\/\/www.spiideo.com\/de\/wp-json\/wp\/v2\/pages"}],"about":[{"href":"https:\/\/www.spiideo.com\/de\/wp-json\/wp\/v2\/types\/page"}],"author":[{"embeddable":true,"href":"https:\/\/www.spiideo.com\/de\/wp-json\/wp\/v2\/users\/1"}],"replies":[{"embeddable":true,"href":"https:\/\/www.spiideo.com\/de\/wp-json\/wp\/v2\/comments?post=941"}],"version-history":[{"count":80,"href":"https:\/\/www.spiideo.com\/de\/wp-json\/wp\/v2\/pages\/941\/revisions"}],"predecessor-version":[{"id":3558,"href":"https:\/\/www.spiideo.com\/de\/wp-json\/wp\/v2\/pages\/941\/revisions\/3558"}],"wp:attachment":[{"href":"https:\/\/www.spiideo.com\/de\/wp-json\/wp\/v2\/media?parent=941"}],"curies":[{"name":"wp","href":"https:\/\/api.w.org\/{rel}","templated":true}]}}