{"id":1282,"date":"2022-05-16T14:15:57","date_gmt":"2022-05-16T14:15:57","guid":{"rendered":"https:\/\/spiideo.com\/?page_id=1282"},"modified":"2022-08-15T13:05:42","modified_gmt":"2022-08-15T13:05:42","slug":"home","status":"publish","type":"page","link":"https:\/\/www.spiideo.com\/es\/","title":{"rendered":"Home"},"content":{"rendered":"","protected":false},"excerpt":{"rendered":"","protected":false},"author":1,"featured_media":0,"parent":0,"menu_order":0,"comment_status":"closed","ping_status":"closed","template":"","meta":{"_relevanssi_hide_post":"","_relevanssi_pin_for_all":"","_relevanssi_pin_keywords":"","_relevanssi_unpin_keywords":"","_relevanssi_related_keywords":"","_relevanssi_related_include_ids":"","_relevanssi_related_exclude_ids":"","_relevanssi_related_no_append":"","_relevanssi_related_not_related":"","_relevanssi_related_posts":"","_relevanssi_noindex_reason":"","footnotes":""},"class_list":["post-1282","page","type-page","status-publish","hentry"],"acf":[],"yoast_head":"<!-- This site is optimized with the Yoast SEO plugin v26.9 - https:\/\/yoast.com\/product\/yoast-seo-wordpress\/ -->\n<title>Home - Spiideo [ES]<\/title>\n<meta name=\"description\" content=\"Transmisi\u00f3n automatizada y an\u00e1lisis de v\u00eddeo para los titulares de derechos de los medios de comunicaci\u00f3n, las ligas, las federaciones, los clubes y las escuelas, a todos los niveles.\" \/>\n<meta name=\"robots\" content=\"index, follow, max-snippet:-1, max-image-preview:large, max-video-preview:-1\" \/>\n<link rel=\"canonical\" href=\"https:\/\/www.spiideo.com\/es\/\" \/>\n<meta property=\"og:locale\" content=\"es_ES\" \/>\n<meta property=\"og:type\" content=\"article\" \/>\n<meta property=\"og:title\" content=\"Home - Spiideo [ES]\" \/>\n<meta property=\"og:description\" content=\"Transmisi\u00f3n automatizada y an\u00e1lisis de v\u00eddeo para los titulares de derechos de los medios de comunicaci\u00f3n, las ligas, las federaciones, los clubes y las escuelas, a todos los niveles.\" \/>\n<meta property=\"og:url\" content=\"https:\/\/www.spiideo.com\/es\/\" \/>\n<meta property=\"og:site_name\" content=\"Spiideo [ES]\" \/>\n<meta property=\"article:modified_time\" content=\"2022-08-15T13:05:42+00:00\" \/>\n<meta name=\"twitter:card\" content=\"summary_large_image\" \/>\n<script type=\"application\/ld+json\" class=\"yoast-schema-graph\">{\"@context\":\"https:\/\/schema.org\",\"@graph\":[{\"@type\":\"WebPage\",\"@id\":\"https:\/\/www.spiideo.com\/es\/\",\"url\":\"https:\/\/www.spiideo.com\/es\/\",\"name\":\"Home - Spiideo [ES]\",\"isPartOf\":{\"@id\":\"https:\/\/www.spiideo.com\/es\/#website\"},\"datePublished\":\"2022-05-16T14:15:57+00:00\",\"dateModified\":\"2022-08-15T13:05:42+00:00\",\"description\":\"Transmisi\u00f3n automatizada y an\u00e1lisis de v\u00eddeo para los titulares de derechos de los medios de comunicaci\u00f3n, las ligas, las federaciones, los clubes y las escuelas, a todos los niveles.\",\"breadcrumb\":{\"@id\":\"https:\/\/www.spiideo.com\/es\/#breadcrumb\"},\"inLanguage\":\"es\",\"potentialAction\":[{\"@type\":\"ReadAction\",\"target\":[\"https:\/\/www.spiideo.com\/es\/\"]}]},{\"@type\":\"BreadcrumbList\",\"@id\":\"https:\/\/www.spiideo.com\/es\/#breadcrumb\",\"itemListElement\":[{\"@type\":\"ListItem\",\"position\":1,\"name\":\"Home\",\"item\":\"https:\/\/www.spiideo.com\/es\/\"},{\"@type\":\"ListItem\",\"position\":2,\"name\":\"Home\"}]},{\"@type\":\"WebSite\",\"@id\":\"https:\/\/www.spiideo.com\/es\/#website\",\"url\":\"https:\/\/www.spiideo.com\/es\/\",\"name\":\"Spiideo [ES]\",\"description\":\"Just another WordPress site\",\"potentialAction\":[{\"@type\":\"SearchAction\",\"target\":{\"@type\":\"EntryPoint\",\"urlTemplate\":\"https:\/\/www.spiideo.com\/es\/?s={search_term_string}\"},\"query-input\":{\"@type\":\"PropertyValueSpecification\",\"valueRequired\":true,\"valueName\":\"search_term_string\"}}],\"inLanguage\":\"es\"}]}<\/script>\n<!-- \/ Yoast SEO plugin. -->","yoast_head_json":{"title":"Home - Spiideo [ES]","description":"Transmisi\u00f3n automatizada y an\u00e1lisis de v\u00eddeo para los titulares de derechos de los medios de comunicaci\u00f3n, las ligas, las federaciones, los clubes y las escuelas, a todos los niveles.","robots":{"index":"index","follow":"follow","max-snippet":"max-snippet:-1","max-image-preview":"max-image-preview:large","max-video-preview":"max-video-preview:-1"},"canonical":"https:\/\/www.spiideo.com\/es\/","og_locale":"es_ES","og_type":"article","og_title":"Home - Spiideo [ES]","og_description":"Transmisi\u00f3n automatizada y an\u00e1lisis de v\u00eddeo para los titulares de derechos de los medios de comunicaci\u00f3n, las ligas, las federaciones, los clubes y las escuelas, a todos los niveles.","og_url":"https:\/\/www.spiideo.com\/es\/","og_site_name":"Spiideo [ES]","article_modified_time":"2022-08-15T13:05:42+00:00","twitter_card":"summary_large_image","schema":{"@context":"https:\/\/schema.org","@graph":[{"@type":"WebPage","@id":"https:\/\/www.spiideo.com\/es\/","url":"https:\/\/www.spiideo.com\/es\/","name":"Home - Spiideo [ES]","isPartOf":{"@id":"https:\/\/www.spiideo.com\/es\/#website"},"datePublished":"2022-05-16T14:15:57+00:00","dateModified":"2022-08-15T13:05:42+00:00","description":"Transmisi\u00f3n automatizada y an\u00e1lisis de v\u00eddeo para los titulares de derechos de los medios de comunicaci\u00f3n, las ligas, las federaciones, los clubes y las escuelas, a todos los niveles.","breadcrumb":{"@id":"https:\/\/www.spiideo.com\/es\/#breadcrumb"},"inLanguage":"es","potentialAction":[{"@type":"ReadAction","target":["https:\/\/www.spiideo.com\/es\/"]}]},{"@type":"BreadcrumbList","@id":"https:\/\/www.spiideo.com\/es\/#breadcrumb","itemListElement":[{"@type":"ListItem","position":1,"name":"Home","item":"https:\/\/www.spiideo.com\/es\/"},{"@type":"ListItem","position":2,"name":"Home"}]},{"@type":"WebSite","@id":"https:\/\/www.spiideo.com\/es\/#website","url":"https:\/\/www.spiideo.com\/es\/","name":"Spiideo [ES]","description":"Just another WordPress site","potentialAction":[{"@type":"SearchAction","target":{"@type":"EntryPoint","urlTemplate":"https:\/\/www.spiideo.com\/es\/?s={search_term_string}"},"query-input":{"@type":"PropertyValueSpecification","valueRequired":true,"valueName":"search_term_string"}}],"inLanguage":"es"}]}},"_links":{"self":[{"href":"https:\/\/www.spiideo.com\/es\/wp-json\/wp\/v2\/pages\/1282","targetHints":{"allow":["GET"]}}],"collection":[{"href":"https:\/\/www.spiideo.com\/es\/wp-json\/wp\/v2\/pages"}],"about":[{"href":"https:\/\/www.spiideo.com\/es\/wp-json\/wp\/v2\/types\/page"}],"author":[{"embeddable":true,"href":"https:\/\/www.spiideo.com\/es\/wp-json\/wp\/v2\/users\/1"}],"replies":[{"embeddable":true,"href":"https:\/\/www.spiideo.com\/es\/wp-json\/wp\/v2\/comments?post=1282"}],"version-history":[{"count":231,"href":"https:\/\/www.spiideo.com\/es\/wp-json\/wp\/v2\/pages\/1282\/revisions"}],"predecessor-version":[{"id":3648,"href":"https:\/\/www.spiideo.com\/es\/wp-json\/wp\/v2\/pages\/1282\/revisions\/3648"}],"wp:attachment":[{"href":"https:\/\/www.spiideo.com\/es\/wp-json\/wp\/v2\/media?parent=1282"}],"curies":[{"name":"wp","href":"https:\/\/api.w.org\/{rel}","templated":true}]}}