{"id":2527,"date":"2022-06-07T15:05:40","date_gmt":"2022-06-07T15:05:40","guid":{"rendered":"https:\/\/spiideo.com\/?page_id=2527"},"modified":"2022-10-03T07:59:33","modified_gmt":"2022-10-03T07:59:33","slug":"spiideo-perform","status":"publish","type":"page","link":"https:\/\/www.spiideo.com\/fr\/spiideo-perform\/","title":{"rendered":"Spiideo Perform"},"content":{"rendered":"","protected":false},"excerpt":{"rendered":"","protected":false},"author":1,"featured_media":0,"parent":0,"menu_order":0,"comment_status":"closed","ping_status":"closed","template":"","meta":{"_relevanssi_hide_post":"","_relevanssi_pin_for_all":"","_relevanssi_pin_keywords":"","_relevanssi_unpin_keywords":"","_relevanssi_related_keywords":"","_relevanssi_related_include_ids":"","_relevanssi_related_exclude_ids":"","_relevanssi_related_no_append":"","_relevanssi_related_not_related":"","_relevanssi_related_posts":"","_relevanssi_noindex_reason":"","footnotes":""},"class_list":["post-2527","page","type-page","status-publish","hentry"],"acf":[],"yoast_head":"<!-- This site is optimized with the Yoast SEO plugin v26.9 - https:\/\/yoast.com\/product\/yoast-seo-wordpress\/ -->\n<title>Spiideo Perform - Spiideo [FR]<\/title>\n<meta name=\"description\" content=\"L&#039;enregistrement et l&#039;analyse de vid\u00e9os sportives rendus faciles, accessibles et efficaces, gr\u00e2ce au logiciel d&#039;analyse vid\u00e9o et \u00e0 la technologie de cam\u00e9ra Spiideo.\" \/>\n<meta name=\"robots\" content=\"index, follow, max-snippet:-1, max-image-preview:large, max-video-preview:-1\" \/>\n<link rel=\"canonical\" href=\"https:\/\/www.spiideo.com\/fr\/spiideo-perform\/\" \/>\n<meta property=\"og:locale\" content=\"fr_FR\" \/>\n<meta property=\"og:type\" content=\"article\" \/>\n<meta property=\"og:title\" content=\"Spiideo Perform - Spiideo [FR]\" \/>\n<meta property=\"og:description\" content=\"L&#039;enregistrement et l&#039;analyse de vid\u00e9os sportives rendus faciles, accessibles et efficaces, gr\u00e2ce au logiciel d&#039;analyse vid\u00e9o et \u00e0 la technologie de cam\u00e9ra Spiideo.\" \/>\n<meta property=\"og:url\" content=\"https:\/\/www.spiideo.com\/fr\/spiideo-perform\/\" \/>\n<meta property=\"og:site_name\" content=\"Spiideo [FR]\" \/>\n<meta property=\"article:modified_time\" content=\"2022-10-03T07:59:33+00:00\" \/>\n<meta name=\"twitter:card\" content=\"summary_large_image\" \/>\n<script type=\"application\/ld+json\" class=\"yoast-schema-graph\">{\"@context\":\"https:\/\/schema.org\",\"@graph\":[{\"@type\":\"WebPage\",\"@id\":\"https:\/\/www.spiideo.com\/fr\/spiideo-perform\/\",\"url\":\"https:\/\/www.spiideo.com\/fr\/spiideo-perform\/\",\"name\":\"Spiideo Perform - Spiideo [FR]\",\"isPartOf\":{\"@id\":\"https:\/\/www.spiideo.com\/fr\/#website\"},\"datePublished\":\"2022-06-07T15:05:40+00:00\",\"dateModified\":\"2022-10-03T07:59:33+00:00\",\"description\":\"L'enregistrement et l'analyse de vid\u00e9os sportives rendus faciles, accessibles et efficaces, gr\u00e2ce au logiciel d'analyse vid\u00e9o et \u00e0 la technologie de cam\u00e9ra Spiideo.\",\"breadcrumb\":{\"@id\":\"https:\/\/www.spiideo.com\/fr\/spiideo-perform\/#breadcrumb\"},\"inLanguage\":\"fr-FR\",\"potentialAction\":[{\"@type\":\"ReadAction\",\"target\":[\"https:\/\/www.spiideo.com\/fr\/spiideo-perform\/\"]}]},{\"@type\":\"BreadcrumbList\",\"@id\":\"https:\/\/www.spiideo.com\/fr\/spiideo-perform\/#breadcrumb\",\"itemListElement\":[{\"@type\":\"ListItem\",\"position\":1,\"name\":\"Home\",\"item\":\"https:\/\/www.spiideo.com\/fr\/\"},{\"@type\":\"ListItem\",\"position\":2,\"name\":\"Spiideo Perform\"}]},{\"@type\":\"WebSite\",\"@id\":\"https:\/\/www.spiideo.com\/fr\/#website\",\"url\":\"https:\/\/www.spiideo.com\/fr\/\",\"name\":\"Spiideo [FR]\",\"description\":\"Just another WordPress site\",\"potentialAction\":[{\"@type\":\"SearchAction\",\"target\":{\"@type\":\"EntryPoint\",\"urlTemplate\":\"https:\/\/www.spiideo.com\/fr\/?s={search_term_string}\"},\"query-input\":{\"@type\":\"PropertyValueSpecification\",\"valueRequired\":true,\"valueName\":\"search_term_string\"}}],\"inLanguage\":\"fr-FR\"}]}<\/script>\n<!-- \/ Yoast SEO plugin. -->","yoast_head_json":{"title":"Spiideo Perform - Spiideo [FR]","description":"L'enregistrement et l'analyse de vid\u00e9os sportives rendus faciles, accessibles et efficaces, gr\u00e2ce au logiciel d'analyse vid\u00e9o et \u00e0 la technologie de cam\u00e9ra Spiideo.","robots":{"index":"index","follow":"follow","max-snippet":"max-snippet:-1","max-image-preview":"max-image-preview:large","max-video-preview":"max-video-preview:-1"},"canonical":"https:\/\/www.spiideo.com\/fr\/spiideo-perform\/","og_locale":"fr_FR","og_type":"article","og_title":"Spiideo Perform - Spiideo [FR]","og_description":"L'enregistrement et l'analyse de vid\u00e9os sportives rendus faciles, accessibles et efficaces, gr\u00e2ce au logiciel d'analyse vid\u00e9o et \u00e0 la technologie de cam\u00e9ra Spiideo.","og_url":"https:\/\/www.spiideo.com\/fr\/spiideo-perform\/","og_site_name":"Spiideo [FR]","article_modified_time":"2022-10-03T07:59:33+00:00","twitter_card":"summary_large_image","schema":{"@context":"https:\/\/schema.org","@graph":[{"@type":"WebPage","@id":"https:\/\/www.spiideo.com\/fr\/spiideo-perform\/","url":"https:\/\/www.spiideo.com\/fr\/spiideo-perform\/","name":"Spiideo Perform - Spiideo [FR]","isPartOf":{"@id":"https:\/\/www.spiideo.com\/fr\/#website"},"datePublished":"2022-06-07T15:05:40+00:00","dateModified":"2022-10-03T07:59:33+00:00","description":"L'enregistrement et l'analyse de vid\u00e9os sportives rendus faciles, accessibles et efficaces, gr\u00e2ce au logiciel d'analyse vid\u00e9o et \u00e0 la technologie de cam\u00e9ra Spiideo.","breadcrumb":{"@id":"https:\/\/www.spiideo.com\/fr\/spiideo-perform\/#breadcrumb"},"inLanguage":"fr-FR","potentialAction":[{"@type":"ReadAction","target":["https:\/\/www.spiideo.com\/fr\/spiideo-perform\/"]}]},{"@type":"BreadcrumbList","@id":"https:\/\/www.spiideo.com\/fr\/spiideo-perform\/#breadcrumb","itemListElement":[{"@type":"ListItem","position":1,"name":"Home","item":"https:\/\/www.spiideo.com\/fr\/"},{"@type":"ListItem","position":2,"name":"Spiideo Perform"}]},{"@type":"WebSite","@id":"https:\/\/www.spiideo.com\/fr\/#website","url":"https:\/\/www.spiideo.com\/fr\/","name":"Spiideo [FR]","description":"Just another WordPress site","potentialAction":[{"@type":"SearchAction","target":{"@type":"EntryPoint","urlTemplate":"https:\/\/www.spiideo.com\/fr\/?s={search_term_string}"},"query-input":{"@type":"PropertyValueSpecification","valueRequired":true,"valueName":"search_term_string"}}],"inLanguage":"fr-FR"}]}},"_links":{"self":[{"href":"https:\/\/www.spiideo.com\/fr\/wp-json\/wp\/v2\/pages\/2527","targetHints":{"allow":["GET"]}}],"collection":[{"href":"https:\/\/www.spiideo.com\/fr\/wp-json\/wp\/v2\/pages"}],"about":[{"href":"https:\/\/www.spiideo.com\/fr\/wp-json\/wp\/v2\/types\/page"}],"author":[{"embeddable":true,"href":"https:\/\/www.spiideo.com\/fr\/wp-json\/wp\/v2\/users\/1"}],"replies":[{"embeddable":true,"href":"https:\/\/www.spiideo.com\/fr\/wp-json\/wp\/v2\/comments?post=2527"}],"version-history":[{"count":88,"href":"https:\/\/www.spiideo.com\/fr\/wp-json\/wp\/v2\/pages\/2527\/revisions"}],"predecessor-version":[{"id":3662,"href":"https:\/\/www.spiideo.com\/fr\/wp-json\/wp\/v2\/pages\/2527\/revisions\/3662"}],"wp:attachment":[{"href":"https:\/\/www.spiideo.com\/fr\/wp-json\/wp\/v2\/media?parent=2527"}],"curies":[{"name":"wp","href":"https:\/\/api.w.org\/{rel}","templated":true}]}}