{"id":900,"date":"2022-05-11T10:19:23","date_gmt":"2022-05-11T10:19:23","guid":{"rendered":"https:\/\/spiideo.com\/?page_id=900"},"modified":"2022-07-19T14:40:39","modified_gmt":"2022-07-19T14:40:39","slug":"universities-and-schools","status":"publish","type":"page","link":"https:\/\/www.spiideo.com\/fr\/universities-and-schools\/","title":{"rendered":"Universities &#038; Schools"},"content":{"rendered":"","protected":false},"excerpt":{"rendered":"","protected":false},"author":1,"featured_media":0,"parent":0,"menu_order":0,"comment_status":"closed","ping_status":"closed","template":"","meta":{"_relevanssi_hide_post":"","_relevanssi_pin_for_all":"","_relevanssi_pin_keywords":"","_relevanssi_unpin_keywords":"","_relevanssi_related_keywords":"","_relevanssi_related_include_ids":"","_relevanssi_related_exclude_ids":"","_relevanssi_related_no_append":"","_relevanssi_related_not_related":"","_relevanssi_related_posts":"","_relevanssi_noindex_reason":"","footnotes":""},"class_list":["post-900","page","type-page","status-publish","hentry"],"acf":[],"yoast_head":"<!-- This site is optimized with the Yoast SEO plugin v26.9 - https:\/\/yoast.com\/product\/yoast-seo-wordpress\/ -->\n<title>Universities &amp; Schools - Spiideo [FR]<\/title>\n<meta name=\"description\" content=\"Offrez aux \u00e9quipes de votre \u00e9cole la possibilit\u00e9 de diffuser des \u00e9missions en direct pour les fans, les parents et les anciens \u00e9l\u00e8ves, ainsi que les outils d&#039;analyse n\u00e9cessaires pour am\u00e9liorer les performances.\" \/>\n<meta name=\"robots\" content=\"index, follow, max-snippet:-1, max-image-preview:large, max-video-preview:-1\" \/>\n<link rel=\"canonical\" href=\"https:\/\/www.spiideo.com\/fr\/universities-and-schools\/\" \/>\n<meta property=\"og:locale\" content=\"fr_FR\" \/>\n<meta property=\"og:type\" content=\"article\" \/>\n<meta property=\"og:title\" content=\"Universities &amp; Schools - Spiideo [FR]\" \/>\n<meta property=\"og:description\" content=\"Offrez aux \u00e9quipes de votre \u00e9cole la possibilit\u00e9 de diffuser des \u00e9missions en direct pour les fans, les parents et les anciens \u00e9l\u00e8ves, ainsi que les outils d&#039;analyse n\u00e9cessaires pour am\u00e9liorer les performances.\" \/>\n<meta property=\"og:url\" content=\"https:\/\/www.spiideo.com\/fr\/universities-and-schools\/\" \/>\n<meta property=\"og:site_name\" content=\"Spiideo [FR]\" \/>\n<meta property=\"article:modified_time\" content=\"2022-07-19T14:40:39+00:00\" \/>\n<meta name=\"twitter:card\" content=\"summary_large_image\" \/>\n<script type=\"application\/ld+json\" class=\"yoast-schema-graph\">{\"@context\":\"https:\/\/schema.org\",\"@graph\":[{\"@type\":\"WebPage\",\"@id\":\"https:\/\/www.spiideo.com\/fr\/universities-and-schools\/\",\"url\":\"https:\/\/www.spiideo.com\/fr\/universities-and-schools\/\",\"name\":\"Universities & Schools - Spiideo [FR]\",\"isPartOf\":{\"@id\":\"https:\/\/www.spiideo.com\/fr\/#website\"},\"datePublished\":\"2022-05-11T10:19:23+00:00\",\"dateModified\":\"2022-07-19T14:40:39+00:00\",\"description\":\"Offrez aux \u00e9quipes de votre \u00e9cole la possibilit\u00e9 de diffuser des \u00e9missions en direct pour les fans, les parents et les anciens \u00e9l\u00e8ves, ainsi que les outils d'analyse n\u00e9cessaires pour am\u00e9liorer les performances.\",\"breadcrumb\":{\"@id\":\"https:\/\/www.spiideo.com\/fr\/universities-and-schools\/#breadcrumb\"},\"inLanguage\":\"fr-FR\",\"potentialAction\":[{\"@type\":\"ReadAction\",\"target\":[\"https:\/\/www.spiideo.com\/fr\/universities-and-schools\/\"]}]},{\"@type\":\"BreadcrumbList\",\"@id\":\"https:\/\/www.spiideo.com\/fr\/universities-and-schools\/#breadcrumb\",\"itemListElement\":[{\"@type\":\"ListItem\",\"position\":1,\"name\":\"Home\",\"item\":\"https:\/\/www.spiideo.com\/fr\/\"},{\"@type\":\"ListItem\",\"position\":2,\"name\":\"Universities &#038; Schools\"}]},{\"@type\":\"WebSite\",\"@id\":\"https:\/\/www.spiideo.com\/fr\/#website\",\"url\":\"https:\/\/www.spiideo.com\/fr\/\",\"name\":\"Spiideo [FR]\",\"description\":\"Just another WordPress site\",\"potentialAction\":[{\"@type\":\"SearchAction\",\"target\":{\"@type\":\"EntryPoint\",\"urlTemplate\":\"https:\/\/www.spiideo.com\/fr\/?s={search_term_string}\"},\"query-input\":{\"@type\":\"PropertyValueSpecification\",\"valueRequired\":true,\"valueName\":\"search_term_string\"}}],\"inLanguage\":\"fr-FR\"}]}<\/script>\n<!-- \/ Yoast SEO plugin. -->","yoast_head_json":{"title":"Universities & Schools - Spiideo [FR]","description":"Offrez aux \u00e9quipes de votre \u00e9cole la possibilit\u00e9 de diffuser des \u00e9missions en direct pour les fans, les parents et les anciens \u00e9l\u00e8ves, ainsi que les outils d'analyse n\u00e9cessaires pour am\u00e9liorer les performances.","robots":{"index":"index","follow":"follow","max-snippet":"max-snippet:-1","max-image-preview":"max-image-preview:large","max-video-preview":"max-video-preview:-1"},"canonical":"https:\/\/www.spiideo.com\/fr\/universities-and-schools\/","og_locale":"fr_FR","og_type":"article","og_title":"Universities & Schools - Spiideo [FR]","og_description":"Offrez aux \u00e9quipes de votre \u00e9cole la possibilit\u00e9 de diffuser des \u00e9missions en direct pour les fans, les parents et les anciens \u00e9l\u00e8ves, ainsi que les outils d'analyse n\u00e9cessaires pour am\u00e9liorer les performances.","og_url":"https:\/\/www.spiideo.com\/fr\/universities-and-schools\/","og_site_name":"Spiideo [FR]","article_modified_time":"2022-07-19T14:40:39+00:00","twitter_card":"summary_large_image","schema":{"@context":"https:\/\/schema.org","@graph":[{"@type":"WebPage","@id":"https:\/\/www.spiideo.com\/fr\/universities-and-schools\/","url":"https:\/\/www.spiideo.com\/fr\/universities-and-schools\/","name":"Universities & Schools - Spiideo [FR]","isPartOf":{"@id":"https:\/\/www.spiideo.com\/fr\/#website"},"datePublished":"2022-05-11T10:19:23+00:00","dateModified":"2022-07-19T14:40:39+00:00","description":"Offrez aux \u00e9quipes de votre \u00e9cole la possibilit\u00e9 de diffuser des \u00e9missions en direct pour les fans, les parents et les anciens \u00e9l\u00e8ves, ainsi que les outils d'analyse n\u00e9cessaires pour am\u00e9liorer les performances.","breadcrumb":{"@id":"https:\/\/www.spiideo.com\/fr\/universities-and-schools\/#breadcrumb"},"inLanguage":"fr-FR","potentialAction":[{"@type":"ReadAction","target":["https:\/\/www.spiideo.com\/fr\/universities-and-schools\/"]}]},{"@type":"BreadcrumbList","@id":"https:\/\/www.spiideo.com\/fr\/universities-and-schools\/#breadcrumb","itemListElement":[{"@type":"ListItem","position":1,"name":"Home","item":"https:\/\/www.spiideo.com\/fr\/"},{"@type":"ListItem","position":2,"name":"Universities &#038; Schools"}]},{"@type":"WebSite","@id":"https:\/\/www.spiideo.com\/fr\/#website","url":"https:\/\/www.spiideo.com\/fr\/","name":"Spiideo [FR]","description":"Just another WordPress site","potentialAction":[{"@type":"SearchAction","target":{"@type":"EntryPoint","urlTemplate":"https:\/\/www.spiideo.com\/fr\/?s={search_term_string}"},"query-input":{"@type":"PropertyValueSpecification","valueRequired":true,"valueName":"search_term_string"}}],"inLanguage":"fr-FR"}]}},"_links":{"self":[{"href":"https:\/\/www.spiideo.com\/fr\/wp-json\/wp\/v2\/pages\/900","targetHints":{"allow":["GET"]}}],"collection":[{"href":"https:\/\/www.spiideo.com\/fr\/wp-json\/wp\/v2\/pages"}],"about":[{"href":"https:\/\/www.spiideo.com\/fr\/wp-json\/wp\/v2\/types\/page"}],"author":[{"embeddable":true,"href":"https:\/\/www.spiideo.com\/fr\/wp-json\/wp\/v2\/users\/1"}],"replies":[{"embeddable":true,"href":"https:\/\/www.spiideo.com\/fr\/wp-json\/wp\/v2\/comments?post=900"}],"version-history":[{"count":40,"href":"https:\/\/www.spiideo.com\/fr\/wp-json\/wp\/v2\/pages\/900\/revisions"}],"predecessor-version":[{"id":3611,"href":"https:\/\/www.spiideo.com\/fr\/wp-json\/wp\/v2\/pages\/900\/revisions\/3611"}],"wp:attachment":[{"href":"https:\/\/www.spiideo.com\/fr\/wp-json\/wp\/v2\/media?parent=900"}],"curies":[{"name":"wp","href":"https:\/\/api.w.org\/{rel}","templated":true}]}}